{"id":655,"date":"2023-12-15T12:51:11","date_gmt":"2023-12-15T11:51:11","guid":{"rendered":"https:\/\/alexandrasurkova.com\/?page_id=655"},"modified":"2024-01-17T10:10:22","modified_gmt":"2024-01-17T09:10:22","slug":"politica-de-cookies","status":"publish","type":"page","link":"https:\/\/alexandrasurkova.com\/es\/politica-de-cookies\/","title":{"rendered":"Pol\u00edtica de Cookies"},"content":{"rendered":"\t\t<div data-elementor-type=\"wp-page\" data-elementor-id=\"655\" class=\"elementor elementor-655\" data-elementor-settings=\"{&quot;ha_cmc_init_switcher&quot;:&quot;no&quot;}\" data-elementor-post-type=\"page\">\n\t\t\t\t\t\t<section class=\"elementor-section elementor-top-section elementor-element elementor-element-6e7703b elementor-section-boxed elementor-section-height-default elementor-section-height-default\" data-id=\"6e7703b\" data-element_type=\"section\" data-settings=\"{&quot;background_background&quot;:&quot;classic&quot;,&quot;_ha_eqh_enable&quot;:false}\">\n\t\t\t\t\t\t<div class=\"elementor-container elementor-column-gap-default\">\n\t\t\t\t\t<div class=\"elementor-column elementor-col-100 elementor-top-column elementor-element elementor-element-4a29253\" data-id=\"4a29253\" data-element_type=\"column\">\n\t\t\t<div class=\"elementor-widget-wrap elementor-element-populated\">\n\t\t\t\t\t\t<div class=\"elementor-element elementor-element-3f8b183 elementor-widget elementor-widget-spacer\" data-id=\"3f8b183\" data-element_type=\"widget\" data-widget_type=\"spacer.default\">\n\t\t\t\t<div class=\"elementor-widget-container\">\n\t\t\t\t\t\t\t<div class=\"elementor-spacer\">\n\t\t\t<div class=\"elementor-spacer-inner\"><\/div>\n\t\t<\/div>\n\t\t\t\t\t\t<\/div>\n\t\t\t\t<\/div>\n\t\t\t\t\t<\/div>\n\t\t<\/div>\n\t\t\t\t\t<\/div>\n\t\t<\/section>\n\t\t\t\t<section class=\"elementor-section elementor-top-section elementor-element elementor-element-0d158ec elementor-section-boxed elementor-section-height-default elementor-section-height-default\" data-id=\"0d158ec\" data-element_type=\"section\" data-settings=\"{&quot;_ha_eqh_enable&quot;:false}\">\n\t\t\t\t\t\t<div class=\"elementor-container elementor-column-gap-default\">\n\t\t\t\t\t<div class=\"elementor-column elementor-col-100 elementor-top-column elementor-element elementor-element-5b41157\" data-id=\"5b41157\" data-element_type=\"column\">\n\t\t\t<div class=\"elementor-widget-wrap elementor-element-populated\">\n\t\t\t\t\t\t<div class=\"elementor-element elementor-element-823249c elementor-widget elementor-widget-heading\" data-id=\"823249c\" data-element_type=\"widget\" data-widget_type=\"heading.default\">\n\t\t\t\t<div class=\"elementor-widget-container\">\n\t\t\t\t\t<h1 class=\"elementor-heading-title elementor-size-default\">POL\u00cdTICA DE COOKIES\n<\/h1>\t\t\t\t<\/div>\n\t\t\t\t<\/div>\n\t\t\t\t<div class=\"elementor-element elementor-element-5132798 elementor-widget elementor-widget-text-editor\" data-id=\"5132798\" data-element_type=\"widget\" data-widget_type=\"text-editor.default\">\n\t\t\t\t<div class=\"elementor-widget-container\">\n\t\t\t\t\t\t\t\t\t<p>Las cookies son peque\u00f1as cantidades de informaci\u00f3n que se almacenan en el navegador utilizado por cada usuario para que el servidor recuerde cierta informaci\u00f3n que posteriormente pueda utilizar.<\/p><h4>TIPOS DE COOKIES QUE UTILIZAMOS<\/h4><p>Esta p\u00e1gina web utiliza cookies de terceros que son aquellas que se env\u00edan a tu ordenador o terminal desde un dominio o una p\u00e1gina web que no es gestionada por nosotros, sino por otra entidad que trata los datos obtenidos a trav\u00e9s de las cookies.<\/p><p>En este caso las Cookies son utilizadas con fines estad\u00edsticos relacionados con las visitas que recibe y las p\u00e1ginas que se consultan, quedando aceptado su uso al navegar por ella.<\/p><figure class=\"wp-block-table\"><table><tbody><tr><th>COOKIE<br \/>(Y PROVEEDOR)<\/th><th>DURACI\u00d3N<\/th><th>DESCRIPCI\u00d3N<\/th><\/tr><tr><td>__cfduid (notin.es)<\/td><td>Sesi\u00f3n<\/td><td>Publicidad<\/td><\/tr><tr><td>personalization_id (twitter.com)<\/td><td>Sesi\u00f3n<\/td><td>Twitter<\/td><\/tr><tr><td>Facebook<\/td><td>Publicidad, estad\u00edsticas y mediciones<\/td><td>Coloca Cookies en el ordenador o dispositivo y recibe la informaci\u00f3n almacenada en ellas cuando utilizas o visitas servicios prestados por otras empresas que utilizan los servicios de Facebook.<\/td><\/tr><tr><td>_ga (Google)<\/td><td>2 a\u00f1os<\/td><td>Se usa para distinguir a los usuarios.<\/td><\/tr><tr><td>_gid (Google)<\/td><td>24 horas<\/td><td>Se usa para distinguir a los usuarios.<\/td><\/tr><tr><td>_gat (Google)<\/td><td>1\u00a0minuto<\/td><td>Se usa para limitar el porcentaje de solicitudes. Si has implementado Google Analytics mediante Google\u00a0Tag\u00a0Manager, esta cookie se llamar\u00e1 _dc_gtm_<a href=\"https:\/\/uztai.com\/\" target=\"_blank\" rel=\"noopener\">.<\/a><\/td><\/tr><tr><td>_gali (Google)<\/td><td>30s<\/td><td>Atribuci\u00f3n de enlace mejorada.<\/td><\/tr><tr><td>_unam (SHARETHIS)<\/td><td>Persistente<\/td><td>Su finalidad es cuantificar el n\u00famero de Usuarios que comparten un determinado contenido y cu\u00e1ntas p\u00e1ginas web son visitadas a ra\u00edz de esa acci\u00f3n.<\/td><\/tr><tr><td>WordPress<\/td><td>2 a\u00f1os<\/td><td>Utilizado para el correcto funcionamiento del gestor de contenido WordPress.<\/td><\/tr><\/tbody><\/table><\/figure><p>Si desea m\u00e1s informaci\u00f3n m\u00e1s sobre los tipos de cookies de seguimiento y an\u00e1lisis de datos de Google\u00a0<a class=\"rank-math-link\" href=\"https:\/\/www.google.com\/intl\/es_es\/policies\/technologies\/types\/\" target=\"_blank\" rel=\"noopener\">haga clic aqu\u00ed<\/a>.<\/p><p>Para informarse sobre c\u00f3mo eliminar las cookies de su explorador:<\/p><ul><li><a class=\"rank-math-link\" href=\"https:\/\/support.mozilla.org\/es\/kb\/habilitar-y-deshabilitar-cookies-sitios-web-rastrear-preferencias\" target=\"_blank\" rel=\"noopener\">Firefox<\/a><\/li><li><a class=\"rank-math-link\" href=\"https:\/\/support.google.com\/chrome\/answer\/95647?hl=es\" target=\"_blank\" rel=\"noopener\">Chrome<\/a><\/li><li><a class=\"rank-math-link\" href=\"https:\/\/support.microsoft.com\/es-es\/topic\/eliminar-y-administrar-cookies-168dab11-0753-043d-7c16-ede5947fc64d\" target=\"_blank\" rel=\"noopener\">Internet Explorer<\/a><\/li><li><a class=\"rank-math-link\" href=\"https:\/\/unlooc.com\/\" target=\"_blank\" rel=\"noopener\">Safari<\/a><\/li><li><a class=\"rank-math-link\" href=\"https:\/\/www.allaboutcookies.org\/es\/administrar-las-cookies\/opera.html\" target=\"_blank\" rel=\"noopener\">Opera<\/a><\/li><\/ul>\t\t\t\t\t\t\t\t<\/div>\n\t\t\t\t<\/div>\n\t\t\t\t\t<\/div>\n\t\t<\/div>\n\t\t\t\t\t<\/div>\n\t\t<\/section>\n\t\t\t\t<\/div>\n\t\t","protected":false},"excerpt":{"rendered":"<p>POL\u00cdTICA DE COOKIES Las cookies son peque\u00f1as cantidades de informaci\u00f3n que se almacenan en el navegador utilizado por cada usuario para que el servidor recuerde cierta informaci\u00f3n que posteriormente pueda utilizar. TIPOS DE COOKIES QUE UTILIZAMOS Esta p\u00e1gina web utiliza cookies de terceros que son aquellas que se env\u00edan a tu ordenador o terminal desde [&hellip;]<\/p>\n","protected":false},"author":3,"featured_media":0,"parent":0,"menu_order":0,"comment_status":"closed","ping_status":"closed","template":"","meta":{"footnotes":""},"class_list":["post-655","page","type-page","status-publish","hentry"],"yoast_head":"<!-- This site is optimized with the Yoast SEO Premium plugin v21.7 (Yoast SEO v25.1) - https:\/\/yoast.com\/wordpress\/plugins\/seo\/ -->\n<title>Pol\u00edtica de Cookies - ALEXANDRA SURKOVA<\/title>\n<meta name=\"robots\" content=\"noindex, nofollow\" \/>\n<meta property=\"og:locale\" content=\"es_ES\" \/>\n<meta property=\"og:type\" content=\"article\" \/>\n<meta property=\"og:title\" content=\"Pol\u00edtica de Cookies\" \/>\n<meta property=\"og:description\" content=\"POL\u00cdTICA DE COOKIES Las cookies son peque\u00f1as cantidades de informaci\u00f3n que se almacenan en el navegador utilizado por cada usuario para que el servidor recuerde cierta informaci\u00f3n que posteriormente pueda utilizar. TIPOS DE COOKIES QUE UTILIZAMOS Esta p\u00e1gina web utiliza cookies de terceros que son aquellas que se env\u00edan a tu ordenador o terminal desde [&hellip;]\" \/>\n<meta property=\"og:url\" content=\"https:\/\/alexandrasurkova.com\/politica-de-cookies\/\" \/>\n<meta property=\"og:site_name\" content=\"ALEXANDRA SURKOVA\" \/>\n<meta property=\"article:modified_time\" content=\"2024-01-17T09:10:22+00:00\" \/>\n<meta name=\"twitter:card\" content=\"summary_large_image\" \/>\n<meta name=\"twitter:label1\" content=\"Tiempo de lectura\" \/>\n\t<meta name=\"twitter:data1\" content=\"2 minutos\" \/>\n<script type=\"application\/ld+json\" class=\"yoast-schema-graph\">{\"@context\":\"https:\/\/schema.org\",\"@graph\":[{\"@type\":\"WebPage\",\"@id\":\"https:\/\/alexandrasurkova.com\/politica-de-cookies\/\",\"url\":\"https:\/\/alexandrasurkova.com\/politica-de-cookies\/\",\"name\":\"Pol\u00edtica de Cookies - ALEXANDRA SURKOVA\",\"isPartOf\":{\"@id\":\"https:\/\/alexandrasurkova.com\/#website\"},\"datePublished\":\"2023-12-15T11:51:11+00:00\",\"dateModified\":\"2024-01-17T09:10:22+00:00\",\"breadcrumb\":{\"@id\":\"https:\/\/alexandrasurkova.com\/politica-de-cookies\/#breadcrumb\"},\"inLanguage\":\"es\",\"potentialAction\":[{\"@type\":\"ReadAction\",\"target\":[\"https:\/\/alexandrasurkova.com\/politica-de-cookies\/\"]}]},{\"@type\":\"BreadcrumbList\",\"@id\":\"https:\/\/alexandrasurkova.com\/politica-de-cookies\/#breadcrumb\",\"itemListElement\":[{\"@type\":\"ListItem\",\"position\":1,\"name\":\"Home\",\"item\":\"https:\/\/alexandrasurkova.com\/\"},{\"@type\":\"ListItem\",\"position\":2,\"name\":\"Pol\u00edtica de Cookies\"}]},{\"@type\":\"WebSite\",\"@id\":\"https:\/\/alexandrasurkova.com\/#website\",\"url\":\"https:\/\/alexandrasurkova.com\/\",\"name\":\"ALEXANDRA SURKOVA\",\"description\":\"Wildlife photographer\",\"publisher\":{\"@id\":\"https:\/\/alexandrasurkova.com\/#organization\"},\"potentialAction\":[{\"@type\":\"SearchAction\",\"target\":{\"@type\":\"EntryPoint\",\"urlTemplate\":\"https:\/\/alexandrasurkova.com\/?s={search_term_string}\"},\"query-input\":{\"@type\":\"PropertyValueSpecification\",\"valueRequired\":true,\"valueName\":\"search_term_string\"}}],\"inLanguage\":\"es\"},{\"@type\":\"Organization\",\"@id\":\"https:\/\/alexandrasurkova.com\/#organization\",\"name\":\"ALEXANDRA SURKOVA\",\"url\":\"https:\/\/alexandrasurkova.com\/\",\"logo\":{\"@type\":\"ImageObject\",\"inLanguage\":\"es\",\"@id\":\"https:\/\/alexandrasurkova.com\/#\/schema\/logo\/image\/\",\"url\":\"https:\/\/alexandrasurkova.com\/wp-content\/uploads\/2023\/12\/logo-blanco.png\",\"contentUrl\":\"https:\/\/alexandrasurkova.com\/wp-content\/uploads\/2023\/12\/logo-blanco.png\",\"width\":531,\"height\":25,\"caption\":\"ALEXANDRA SURKOVA\"},\"image\":{\"@id\":\"https:\/\/alexandrasurkova.com\/#\/schema\/logo\/image\/\"}}]}<\/script>\n<!-- \/ Yoast SEO Premium plugin. -->","yoast_head_json":{"title":"Pol\u00edtica de Cookies - ALEXANDRA SURKOVA","robots":{"index":"noindex","follow":"nofollow"},"og_locale":"es_ES","og_type":"article","og_title":"Pol\u00edtica de Cookies","og_description":"POL\u00cdTICA DE COOKIES Las cookies son peque\u00f1as cantidades de informaci\u00f3n que se almacenan en el navegador utilizado por cada usuario para que el servidor recuerde cierta informaci\u00f3n que posteriormente pueda utilizar. TIPOS DE COOKIES QUE UTILIZAMOS Esta p\u00e1gina web utiliza cookies de terceros que son aquellas que se env\u00edan a tu ordenador o terminal desde [&hellip;]","og_url":"https:\/\/alexandrasurkova.com\/politica-de-cookies\/","og_site_name":"ALEXANDRA SURKOVA","article_modified_time":"2024-01-17T09:10:22+00:00","twitter_card":"summary_large_image","twitter_misc":{"Tiempo de lectura":"2 minutos"},"schema":{"@context":"https:\/\/schema.org","@graph":[{"@type":"WebPage","@id":"https:\/\/alexandrasurkova.com\/politica-de-cookies\/","url":"https:\/\/alexandrasurkova.com\/politica-de-cookies\/","name":"Pol\u00edtica de Cookies - ALEXANDRA SURKOVA","isPartOf":{"@id":"https:\/\/alexandrasurkova.com\/#website"},"datePublished":"2023-12-15T11:51:11+00:00","dateModified":"2024-01-17T09:10:22+00:00","breadcrumb":{"@id":"https:\/\/alexandrasurkova.com\/politica-de-cookies\/#breadcrumb"},"inLanguage":"es","potentialAction":[{"@type":"ReadAction","target":["https:\/\/alexandrasurkova.com\/politica-de-cookies\/"]}]},{"@type":"BreadcrumbList","@id":"https:\/\/alexandrasurkova.com\/politica-de-cookies\/#breadcrumb","itemListElement":[{"@type":"ListItem","position":1,"name":"Home","item":"https:\/\/alexandrasurkova.com\/"},{"@type":"ListItem","position":2,"name":"Pol\u00edtica de Cookies"}]},{"@type":"WebSite","@id":"https:\/\/alexandrasurkova.com\/#website","url":"https:\/\/alexandrasurkova.com\/","name":"ALEXANDRA SURKOVA","description":"Wildlife photographer","publisher":{"@id":"https:\/\/alexandrasurkova.com\/#organization"},"potentialAction":[{"@type":"SearchAction","target":{"@type":"EntryPoint","urlTemplate":"https:\/\/alexandrasurkova.com\/?s={search_term_string}"},"query-input":{"@type":"PropertyValueSpecification","valueRequired":true,"valueName":"search_term_string"}}],"inLanguage":"es"},{"@type":"Organization","@id":"https:\/\/alexandrasurkova.com\/#organization","name":"ALEXANDRA SURKOVA","url":"https:\/\/alexandrasurkova.com\/","logo":{"@type":"ImageObject","inLanguage":"es","@id":"https:\/\/alexandrasurkova.com\/#\/schema\/logo\/image\/","url":"https:\/\/alexandrasurkova.com\/wp-content\/uploads\/2023\/12\/logo-blanco.png","contentUrl":"https:\/\/alexandrasurkova.com\/wp-content\/uploads\/2023\/12\/logo-blanco.png","width":531,"height":25,"caption":"ALEXANDRA SURKOVA"},"image":{"@id":"https:\/\/alexandrasurkova.com\/#\/schema\/logo\/image\/"}}]}},"_links":{"self":[{"href":"https:\/\/alexandrasurkova.com\/es\/wp-json\/wp\/v2\/pages\/655","targetHints":{"allow":["GET"]}}],"collection":[{"href":"https:\/\/alexandrasurkova.com\/es\/wp-json\/wp\/v2\/pages"}],"about":[{"href":"https:\/\/alexandrasurkova.com\/es\/wp-json\/wp\/v2\/types\/page"}],"author":[{"embeddable":true,"href":"https:\/\/alexandrasurkova.com\/es\/wp-json\/wp\/v2\/users\/3"}],"replies":[{"embeddable":true,"href":"https:\/\/alexandrasurkova.com\/es\/wp-json\/wp\/v2\/comments?post=655"}],"version-history":[{"count":0,"href":"https:\/\/alexandrasurkova.com\/es\/wp-json\/wp\/v2\/pages\/655\/revisions"}],"wp:attachment":[{"href":"https:\/\/alexandrasurkova.com\/es\/wp-json\/wp\/v2\/media?parent=655"}],"curies":[{"name":"wp","href":"https:\/\/api.w.org\/{rel}","templated":true}]}}